{"id":2,"date":"2023-06-19T15:34:34","date_gmt":"2023-06-19T15:34:34","guid":{"rendered":"https:\/\/nte.ch\/?page_id=2"},"modified":"2023-06-19T19:27:52","modified_gmt":"2023-06-19T19:27:52","slug":"about","status":"publish","type":"page","link":"https:\/\/nte.ch\/?page_id=2","title":{"rendered":"A propos de"},"content":{"rendered":"\n<figure class=\"wp-block-image size-full\"><img loading=\"lazy\" decoding=\"async\" width=\"300\" height=\"225\" src=\"https:\/\/nte.ch\/wp-content\/uploads\/2023\/06\/saxo.jpg\" alt=\"\" class=\"wp-image-40\"\/><\/figure>\n\n\n\n<p>L&rsquo;objectif de ce site Web est de pr\u00e9senter les services et produits dispens\u00e9s par notre soci\u00e9t\u00e9 et d&rsquo;am\u00e9liorer l&rsquo;assistance que nous fournissons \u00e0 nos clients. Nous avons mis en place diverses ressources pour vous aider \u00e0 r\u00e9soudre vos probl\u00e8mes informatiques, pour vous permettre de communiquer vos probl\u00e8mes au support technique et pour signaler des bogues ou sugg\u00e9rer des am\u00e9liorations de logiciels.<\/p>\n","protected":false},"excerpt":{"rendered":"<p>L&rsquo;objectif de ce site Web est de pr\u00e9senter les services et produits dispens\u00e9s par notre soci\u00e9t\u00e9 et d&rsquo;am\u00e9liorer l&rsquo;assistance que nous fournissons \u00e0 nos clients. Nous avons mis en place diverses ressources pour vous aider \u00e0 r\u00e9soudre vos probl\u00e8mes informatiques, pour vous permettre de communiquer vos probl\u00e8mes au support technique et pour signaler des bogues ou sugg\u00e9rer des\u2026 <span class=\"read-more\"><a href=\"https:\/\/nte.ch\/?page_id=2\">Read More &raquo;<\/a><\/span><\/p>\n","protected":false},"author":1,"featured_media":0,"parent":0,"menu_order":0,"comment_status":"closed","ping_status":"closed","template":"","meta":{"footnotes":""},"class_list":["post-2","page","type-page","status-publish","hentry"],"_links":{"self":[{"href":"https:\/\/nte.ch\/index.php?rest_route=\/wp\/v2\/pages\/2","targetHints":{"allow":["GET"]}}],"collection":[{"href":"https:\/\/nte.ch\/index.php?rest_route=\/wp\/v2\/pages"}],"about":[{"href":"https:\/\/nte.ch\/index.php?rest_route=\/wp\/v2\/types\/page"}],"author":[{"embeddable":true,"href":"https:\/\/nte.ch\/index.php?rest_route=\/wp\/v2\/users\/1"}],"replies":[{"embeddable":true,"href":"https:\/\/nte.ch\/index.php?rest_route=%2Fwp%2Fv2%2Fcomments&post=2"}],"version-history":[{"count":3,"href":"https:\/\/nte.ch\/index.php?rest_route=\/wp\/v2\/pages\/2\/revisions"}],"predecessor-version":[{"id":41,"href":"https:\/\/nte.ch\/index.php?rest_route=\/wp\/v2\/pages\/2\/revisions\/41"}],"wp:attachment":[{"href":"https:\/\/nte.ch\/index.php?rest_route=%2Fwp%2Fv2%2Fmedia&parent=2"}],"curies":[{"name":"wp","href":"https:\/\/api.w.org\/{rel}","templated":true}]}}